{"id":927,"date":"2020-04-17T15:36:27","date_gmt":"2020-04-17T18:36:27","guid":{"rendered":"https:\/\/brparafusos.com.br\/index\/pt-br\/i2\/?post_type=product&#038;p=927"},"modified":"2020-05-29T11:00:10","modified_gmt":"2020-05-29T14:00:10","slug":"grampo-de-fixacao-modelo-c-somar","status":"publish","type":"product","link":"https:\/\/brparafusos.com.br\/index\/pt-br\/i2\/produto\/grampo-de-fixacao-modelo-c-somar\/","title":{"rendered":"grampo de fixa\u00e7\u00e3o modelo c Somar"},"content":{"rendered":"<p>grampo de fixa\u00e7\u00e3o modelo c Somar<\/p>\n<p>Variedades em medidas.<\/p>\n<!--themify_builder_content-->\n<div id=\"themify_builder_content-927\" data-postid=\"927\" class=\"themify_builder_content themify_builder_content-927 themify_builder tf_clear\">\n    <\/div>\n<!--\/themify_builder_content-->\n","protected":false},"excerpt":{"rendered":"<p>grampo de fixa\u00e7\u00e3o modelo c Somar Variedades em medidas.<\/p>\n","protected":false},"featured_media":929,"comment_status":"open","ping_status":"closed","template":"","meta":[],"product_brand":[],"product_cat":[170,62,81],"product_tag":[],"class_list":{"0":"post-927","1":"product","2":"type-product","3":"status-publish","4":"has-post-thumbnail","6":"product_cat-grampos","7":"product_cat-somar","8":"product_cat-variados","9":"pa_medida-a-4116","10":"pa_medida-a-4117","11":"pa_medida-a-4118","12":"pa_medida-a-4119","13":"pa_medida-a-4120","14":"pa_medida-a-4121","15":"pa_medida-a-4123","16":"pa_medida-a-4122","17":"has-post-title","18":"has-post-date","19":"has-post-category","20":"has-post-tag","21":"has-post-comment","22":"has-post-author","23":"","25":"first","26":"instock","27":"taxable","28":"shipping-taxable","29":"purchasable","30":"product-type-variable"},"jetpack_sharing_enabled":true,"builder_content":"","_links":{"self":[{"href":"https:\/\/brparafusos.com.br\/index\/pt-br\/i2\/wp-json\/wp\/v2\/product\/927","targetHints":{"allow":["GET"]}}],"collection":[{"href":"https:\/\/brparafusos.com.br\/index\/pt-br\/i2\/wp-json\/wp\/v2\/product"}],"about":[{"href":"https:\/\/brparafusos.com.br\/index\/pt-br\/i2\/wp-json\/wp\/v2\/types\/product"}],"replies":[{"embeddable":true,"href":"https:\/\/brparafusos.com.br\/index\/pt-br\/i2\/wp-json\/wp\/v2\/comments?post=927"}],"wp:featuredmedia":[{"embeddable":true,"href":"https:\/\/brparafusos.com.br\/index\/pt-br\/i2\/wp-json\/wp\/v2\/media\/929"}],"wp:attachment":[{"href":"https:\/\/brparafusos.com.br\/index\/pt-br\/i2\/wp-json\/wp\/v2\/media?parent=927"}],"wp:term":[{"taxonomy":"product_brand","embeddable":true,"href":"https:\/\/brparafusos.com.br\/index\/pt-br\/i2\/wp-json\/wp\/v2\/product_brand?post=927"},{"taxonomy":"product_cat","embeddable":true,"href":"https:\/\/brparafusos.com.br\/index\/pt-br\/i2\/wp-json\/wp\/v2\/product_cat?post=927"},{"taxonomy":"product_tag","embeddable":true,"href":"https:\/\/brparafusos.com.br\/index\/pt-br\/i2\/wp-json\/wp\/v2\/product_tag?post=927"}],"curies":[{"name":"wp","href":"https:\/\/api.w.org\/{rel}","templated":true}]}}