{"id":763,"date":"2020-04-17T09:35:52","date_gmt":"2020-04-17T12:35:52","guid":{"rendered":"https:\/\/brparafusos.com.br\/index\/pt-br\/i2\/?post_type=product&#038;p=763"},"modified":"2020-05-28T17:50:20","modified_gmt":"2020-05-28T20:50:20","slug":"cone-sinalizacao-refletivo-com-base-pesada","status":"publish","type":"product","link":"https:\/\/brparafusos.com.br\/index\/pt-br\/i2\/produto\/cone-sinalizacao-refletivo-com-base-pesada\/","title":{"rendered":"Cone sinaliza\u00e7\u00e3o refletivo com base pesada 75CM"},"content":{"rendered":"<p>Cone sinaliza\u00e7\u00e3o refletivo com base pesada<\/p>\n<!--themify_builder_content-->\n<div id=\"themify_builder_content-763\" data-postid=\"763\" class=\"themify_builder_content themify_builder_content-763 themify_builder tf_clear\">\n    <\/div>\n<!--\/themify_builder_content-->\n","protected":false},"excerpt":{"rendered":"<p>Cone sinaliza\u00e7\u00e3o refletivo com base pesada<\/p>\n","protected":false},"featured_media":764,"comment_status":"open","ping_status":"closed","template":"","meta":[],"product_brand":[],"product_cat":[145,81],"product_tag":[],"class_list":{"0":"post-763","1":"product","2":"type-product","3":"status-publish","4":"has-post-thumbnail","6":"product_cat-cones","7":"product_cat-variados","8":"has-post-title","9":"has-post-date","10":"has-post-category","11":"has-post-tag","12":"has-post-comment","13":"has-post-author","14":"","16":"first","17":"instock","18":"taxable","19":"shipping-taxable","20":"purchasable","21":"product-type-simple"},"jetpack_sharing_enabled":true,"builder_content":"","_links":{"self":[{"href":"https:\/\/brparafusos.com.br\/index\/pt-br\/i2\/wp-json\/wp\/v2\/product\/763","targetHints":{"allow":["GET"]}}],"collection":[{"href":"https:\/\/brparafusos.com.br\/index\/pt-br\/i2\/wp-json\/wp\/v2\/product"}],"about":[{"href":"https:\/\/brparafusos.com.br\/index\/pt-br\/i2\/wp-json\/wp\/v2\/types\/product"}],"replies":[{"embeddable":true,"href":"https:\/\/brparafusos.com.br\/index\/pt-br\/i2\/wp-json\/wp\/v2\/comments?post=763"}],"wp:featuredmedia":[{"embeddable":true,"href":"https:\/\/brparafusos.com.br\/index\/pt-br\/i2\/wp-json\/wp\/v2\/media\/764"}],"wp:attachment":[{"href":"https:\/\/brparafusos.com.br\/index\/pt-br\/i2\/wp-json\/wp\/v2\/media?parent=763"}],"wp:term":[{"taxonomy":"product_brand","embeddable":true,"href":"https:\/\/brparafusos.com.br\/index\/pt-br\/i2\/wp-json\/wp\/v2\/product_brand?post=763"},{"taxonomy":"product_cat","embeddable":true,"href":"https:\/\/brparafusos.com.br\/index\/pt-br\/i2\/wp-json\/wp\/v2\/product_cat?post=763"},{"taxonomy":"product_tag","embeddable":true,"href":"https:\/\/brparafusos.com.br\/index\/pt-br\/i2\/wp-json\/wp\/v2\/product_tag?post=763"}],"curies":[{"name":"wp","href":"https:\/\/api.w.org\/{rel}","templated":true}]}}