{"id":608,"date":"2020-04-16T14:28:00","date_gmt":"2020-04-16T17:28:00","guid":{"rendered":"https:\/\/brparafusos.com.br\/index\/pt-br\/i2\/?post_type=product&#038;p=608"},"modified":"2025-03-24T17:36:13","modified_gmt":"2025-03-24T20:36:13","slug":"capacete-com-carneira-azul-claro-3m","status":"publish","type":"product","link":"https:\/\/brparafusos.com.br\/index\/pt-br\/i2\/produto\/capacete-com-carneira-azul-claro-3m\/","title":{"rendered":"Capacete com carneira azul claro 3M"},"content":{"rendered":"<p>Capacete com carneira azul claro 3M<\/p>\n<p>Prepare-se para realizar suas atividades com o m\u00e1ximo de seguran\u00e7a adquirindo o pr\u00e1tico capacete H-700 da 3M.<\/p>\n<p><b>Especifica\u00e7\u00f5es:<\/b><\/p>\n<ul>\n<li>Marca: 3M<\/li>\n<li>Modelo: H-700<\/li>\n<li>Cor: Azul claro<\/li>\n<li>Suspens\u00e3o: Catraca<\/li>\n<li>C.A: 29638<\/li>\n<li>Oferece prote\u00e7\u00e3o e conforto<\/li>\n<li>Ideal para uso profissional<\/li>\n<li>Dur\u00e1vel e resistente<\/li>\n<\/ul>\n<p><strong>Marca:\u00a0<\/strong>3M<\/p>\n<p><strong>Modelo:\u00a0<\/strong>Capacete<\/p>\n","protected":false},"excerpt":{"rendered":"<p>Apresentando o\u00a0<b>Capacete H-700 com suspens\u00e3o Catraca 3M<\/b>, projetado para oferecer m\u00e1xima prote\u00e7\u00e3o e conforto em ambientes de trabalho. Com sua\u00a0<b>ampla gama<\/b>\u00a0de aplica\u00e7\u00f5es, esse capacete \u00e9 uma escolha que oferece\u00a0<b>seguran\u00e7a<\/b>\u00a0e\u00a0<b>durabilidade<\/b>\u00a0durante o uso di\u00e1rio.<\/p>\n","protected":false},"featured_media":2056,"comment_status":"open","ping_status":"closed","template":"","meta":[],"product_brand":[],"product_cat":[50,121,71],"product_tag":[],"class_list":{"0":"post-608","1":"product","2":"type-product","3":"status-publish","4":"has-post-thumbnail","6":"product_cat-3m","7":"product_cat-capacete","8":"product_cat-equipamentos-de-protecao","9":"has-post-title","10":"has-post-date","11":"has-post-category","12":"has-post-tag","13":"has-post-comment","14":"has-post-author","15":"","17":"first","18":"instock","19":"taxable","20":"shipping-taxable","21":"purchasable","22":"product-type-simple"},"jetpack_sharing_enabled":true,"builder_content":"","_links":{"self":[{"href":"https:\/\/brparafusos.com.br\/index\/pt-br\/i2\/wp-json\/wp\/v2\/product\/608","targetHints":{"allow":["GET"]}}],"collection":[{"href":"https:\/\/brparafusos.com.br\/index\/pt-br\/i2\/wp-json\/wp\/v2\/product"}],"about":[{"href":"https:\/\/brparafusos.com.br\/index\/pt-br\/i2\/wp-json\/wp\/v2\/types\/product"}],"replies":[{"embeddable":true,"href":"https:\/\/brparafusos.com.br\/index\/pt-br\/i2\/wp-json\/wp\/v2\/comments?post=608"}],"wp:featuredmedia":[{"embeddable":true,"href":"https:\/\/brparafusos.com.br\/index\/pt-br\/i2\/wp-json\/wp\/v2\/media\/2056"}],"wp:attachment":[{"href":"https:\/\/brparafusos.com.br\/index\/pt-br\/i2\/wp-json\/wp\/v2\/media?parent=608"}],"wp:term":[{"taxonomy":"product_brand","embeddable":true,"href":"https:\/\/brparafusos.com.br\/index\/pt-br\/i2\/wp-json\/wp\/v2\/product_brand?post=608"},{"taxonomy":"product_cat","embeddable":true,"href":"https:\/\/brparafusos.com.br\/index\/pt-br\/i2\/wp-json\/wp\/v2\/product_cat?post=608"},{"taxonomy":"product_tag","embeddable":true,"href":"https:\/\/brparafusos.com.br\/index\/pt-br\/i2\/wp-json\/wp\/v2\/product_tag?post=608"}],"curies":[{"name":"wp","href":"https:\/\/api.w.org\/{rel}","templated":true}]}}