{"id":450,"date":"2020-04-15T15:19:47","date_gmt":"2020-04-15T18:19:47","guid":{"rendered":"https:\/\/brparafusos.com.br\/index\/pt-br\/i2\/?post_type=product&#038;p=450"},"modified":"2025-03-21T15:11:58","modified_gmt":"2025-03-21T18:11:58","slug":"aspirador-de-po-e-agua-bt-vc-1115-einhell","status":"publish","type":"product","link":"https:\/\/brparafusos.com.br\/index\/pt-br\/i2\/produto\/aspirador-de-po-e-agua-bt-vc-1115-einhell\/","title":{"rendered":"Aspirador de p\u00f3 e \u00e1gua bt-vc 1115 einhell"},"content":{"rendered":"<p>Aspirador de p\u00f3 e \u00e1gua bt-vc 1115 einhell<\/p>\n<!--themify_builder_content-->\n<div id=\"themify_builder_content-450\" data-postid=\"450\" class=\"themify_builder_content themify_builder_content-450 themify_builder tf_clear\">\n    <\/div>\n<!--\/themify_builder_content-->\n","protected":false},"excerpt":{"rendered":"<p>Aspirador de p\u00f3 e \u00e1gua bt-vc 1115 einhell<\/p>\n","protected":false},"featured_media":451,"comment_status":"open","ping_status":"closed","template":"","meta":[],"product_brand":[],"product_cat":[106,81],"product_tag":[],"class_list":{"0":"post-450","1":"product","2":"type-product","3":"status-publish","4":"has-post-thumbnail","6":"product_cat-aspirador","7":"product_cat-variados","8":"has-post-title","9":"has-post-date","10":"has-post-category","11":"has-post-tag","12":"has-post-comment","13":"has-post-author","14":"","16":"first","17":"instock","18":"taxable","19":"shipping-taxable","20":"purchasable","21":"product-type-simple"},"jetpack_sharing_enabled":true,"builder_content":"","_links":{"self":[{"href":"https:\/\/brparafusos.com.br\/index\/pt-br\/i2\/wp-json\/wp\/v2\/product\/450","targetHints":{"allow":["GET"]}}],"collection":[{"href":"https:\/\/brparafusos.com.br\/index\/pt-br\/i2\/wp-json\/wp\/v2\/product"}],"about":[{"href":"https:\/\/brparafusos.com.br\/index\/pt-br\/i2\/wp-json\/wp\/v2\/types\/product"}],"replies":[{"embeddable":true,"href":"https:\/\/brparafusos.com.br\/index\/pt-br\/i2\/wp-json\/wp\/v2\/comments?post=450"}],"wp:featuredmedia":[{"embeddable":true,"href":"https:\/\/brparafusos.com.br\/index\/pt-br\/i2\/wp-json\/wp\/v2\/media\/451"}],"wp:attachment":[{"href":"https:\/\/brparafusos.com.br\/index\/pt-br\/i2\/wp-json\/wp\/v2\/media?parent=450"}],"wp:term":[{"taxonomy":"product_brand","embeddable":true,"href":"https:\/\/brparafusos.com.br\/index\/pt-br\/i2\/wp-json\/wp\/v2\/product_brand?post=450"},{"taxonomy":"product_cat","embeddable":true,"href":"https:\/\/brparafusos.com.br\/index\/pt-br\/i2\/wp-json\/wp\/v2\/product_cat?post=450"},{"taxonomy":"product_tag","embeddable":true,"href":"https:\/\/brparafusos.com.br\/index\/pt-br\/i2\/wp-json\/wp\/v2\/product_tag?post=450"}],"curies":[{"name":"wp","href":"https:\/\/api.w.org\/{rel}","templated":true}]}}