{"id":1255,"date":"2020-04-22T16:19:02","date_gmt":"2020-04-22T19:19:02","guid":{"rendered":"https:\/\/brparafusos.com.br\/index\/pt-br\/i2\/?post_type=product&#038;p=1255"},"modified":"2020-06-01T09:08:09","modified_gmt":"2020-06-01T12:08:09","slug":"nivel-al-base-magnetica-famastil","status":"publish","type":"product","link":"https:\/\/brparafusos.com.br\/index\/pt-br\/i2\/produto\/nivel-al-base-magnetica-famastil\/","title":{"rendered":"N\u00edvel AL base magn\u00e9tica Famastil"},"content":{"rendered":"<p>N\u00edvel AL base magn\u00e9tica Famastil<\/p>\n<p>Variedades em tamanhos.<\/p>\n<!--themify_builder_content-->\n<div id=\"themify_builder_content-1255\" data-postid=\"1255\" class=\"themify_builder_content themify_builder_content-1255 themify_builder tf_clear\">\n    <\/div>\n<!--\/themify_builder_content-->\n","protected":false},"excerpt":{"rendered":"<p>N\u00edvel AL base magn\u00e9tica Famastil Variedades em tamanhos.<\/p>\n","protected":false},"featured_media":1256,"comment_status":"open","ping_status":"closed","template":"","meta":[],"product_brand":[],"product_cat":[203,217,81],"product_tag":[],"class_list":{"0":"post-1255","1":"product","2":"type-product","3":"status-publish","4":"has-post-thumbnail","6":"product_cat-famastil","7":"product_cat-nivel","8":"product_cat-variados","9":"pa_medida-1-10-2","10":"pa_medida-1-12-2","11":"pa_medida-1-14-2","12":"has-post-title","13":"has-post-date","14":"has-post-category","15":"has-post-tag","16":"has-post-comment","17":"has-post-author","18":"","20":"first","21":"instock","22":"taxable","23":"shipping-taxable","24":"purchasable","25":"product-type-variable"},"jetpack_sharing_enabled":true,"builder_content":"","_links":{"self":[{"href":"https:\/\/brparafusos.com.br\/index\/pt-br\/i2\/wp-json\/wp\/v2\/product\/1255","targetHints":{"allow":["GET"]}}],"collection":[{"href":"https:\/\/brparafusos.com.br\/index\/pt-br\/i2\/wp-json\/wp\/v2\/product"}],"about":[{"href":"https:\/\/brparafusos.com.br\/index\/pt-br\/i2\/wp-json\/wp\/v2\/types\/product"}],"replies":[{"embeddable":true,"href":"https:\/\/brparafusos.com.br\/index\/pt-br\/i2\/wp-json\/wp\/v2\/comments?post=1255"}],"wp:featuredmedia":[{"embeddable":true,"href":"https:\/\/brparafusos.com.br\/index\/pt-br\/i2\/wp-json\/wp\/v2\/media\/1256"}],"wp:attachment":[{"href":"https:\/\/brparafusos.com.br\/index\/pt-br\/i2\/wp-json\/wp\/v2\/media?parent=1255"}],"wp:term":[{"taxonomy":"product_brand","embeddable":true,"href":"https:\/\/brparafusos.com.br\/index\/pt-br\/i2\/wp-json\/wp\/v2\/product_brand?post=1255"},{"taxonomy":"product_cat","embeddable":true,"href":"https:\/\/brparafusos.com.br\/index\/pt-br\/i2\/wp-json\/wp\/v2\/product_cat?post=1255"},{"taxonomy":"product_tag","embeddable":true,"href":"https:\/\/brparafusos.com.br\/index\/pt-br\/i2\/wp-json\/wp\/v2\/product_tag?post=1255"}],"curies":[{"name":"wp","href":"https:\/\/api.w.org\/{rel}","templated":true}]}}