{"id":1197,"date":"2020-04-22T14:45:33","date_gmt":"2020-04-22T17:45:33","guid":{"rendered":"https:\/\/brparafusos.com.br\/index\/pt-br\/i2\/?post_type=product&#038;p=1197"},"modified":"2020-06-08T09:14:21","modified_gmt":"2020-06-08T12:14:21","slug":"mascara-respiratoria-carbografite","status":"publish","type":"product","link":"https:\/\/brparafusos.com.br\/index\/pt-br\/i2\/produto\/mascara-respiratoria-carbografite\/","title":{"rendered":"M\u00e1scara respirat\u00f3ria Carbografite"},"content":{"rendered":"<p>M\u00e1scara respirat\u00f3ria CG-306 Carbografite<\/p>\n<!--themify_builder_content-->\n<div id=\"themify_builder_content-1197\" data-postid=\"1197\" class=\"themify_builder_content themify_builder_content-1197 themify_builder tf_clear\">\n    <\/div>\n<!--\/themify_builder_content-->\n","protected":false},"excerpt":{"rendered":"<p>M\u00e1scara respirat\u00f3ria CG-306 Carbografite<\/p>\n","protected":false},"featured_media":1198,"comment_status":"open","ping_status":"closed","template":"","meta":[],"product_brand":[],"product_cat":[59,71,204],"product_tag":[],"class_list":{"0":"post-1197","1":"product","2":"type-product","3":"status-publish","4":"has-post-thumbnail","6":"product_cat-carbografite","7":"product_cat-equipamentos-de-protecao","8":"product_cat-mascaras","9":"has-post-title","10":"has-post-date","11":"has-post-category","12":"has-post-tag","13":"has-post-comment","14":"has-post-author","15":"","17":"first","18":"instock","19":"taxable","20":"shipping-taxable","21":"purchasable","22":"product-type-variable"},"jetpack_sharing_enabled":true,"builder_content":"","_links":{"self":[{"href":"https:\/\/brparafusos.com.br\/index\/pt-br\/i2\/wp-json\/wp\/v2\/product\/1197","targetHints":{"allow":["GET"]}}],"collection":[{"href":"https:\/\/brparafusos.com.br\/index\/pt-br\/i2\/wp-json\/wp\/v2\/product"}],"about":[{"href":"https:\/\/brparafusos.com.br\/index\/pt-br\/i2\/wp-json\/wp\/v2\/types\/product"}],"replies":[{"embeddable":true,"href":"https:\/\/brparafusos.com.br\/index\/pt-br\/i2\/wp-json\/wp\/v2\/comments?post=1197"}],"wp:featuredmedia":[{"embeddable":true,"href":"https:\/\/brparafusos.com.br\/index\/pt-br\/i2\/wp-json\/wp\/v2\/media\/1198"}],"wp:attachment":[{"href":"https:\/\/brparafusos.com.br\/index\/pt-br\/i2\/wp-json\/wp\/v2\/media?parent=1197"}],"wp:term":[{"taxonomy":"product_brand","embeddable":true,"href":"https:\/\/brparafusos.com.br\/index\/pt-br\/i2\/wp-json\/wp\/v2\/product_brand?post=1197"},{"taxonomy":"product_cat","embeddable":true,"href":"https:\/\/brparafusos.com.br\/index\/pt-br\/i2\/wp-json\/wp\/v2\/product_cat?post=1197"},{"taxonomy":"product_tag","embeddable":true,"href":"https:\/\/brparafusos.com.br\/index\/pt-br\/i2\/wp-json\/wp\/v2\/product_tag?post=1197"}],"curies":[{"name":"wp","href":"https:\/\/api.w.org\/{rel}","templated":true}]}}